{"id":770,"date":"2023-09-15T13:17:16","date_gmt":"2023-09-15T13:17:16","guid":{"rendered":"https:\/\/albsteel.digita.dev\/pipes-3\/"},"modified":"2023-09-15T16:05:29","modified_gmt":"2023-09-15T16:05:29","slug":"tanks","status":"publish","type":"page","link":"https:\/\/albasteel.al\/sq\/tanks\/","title":{"rendered":"Depozita"},"content":{"rendered":"<div id='sec1' class='monolit_sec monolit_page_sec content'>\n\n \n\n    <section>\n    <!-- section number   -->\n    <div class=\"sect-subtitle right-align-dec\" data-top-bottom=\"transform: translateY(200px);\" data-bottom-top=\"transform: translateY(-200px);\">\n    <span>01<\/span><\/div>\n    <!-- section number  end  -->\n                <div class=\"container\">\n                <div class=\"row\">\n                <div class=\"wpb_column vc_column_container vc_col-sm-12 vc_col-md-8\"><div class=\"vc_column-inner\"><div class=\"wpb_wrapper\">\n\t<div class=\"wpb_text_column wpb_content_element\" >\n\t\t<div class=\"wpb_wrapper\">\n\t\t\t<style>\n.creat-list li {line-height:21px;padding-bottom: 12px}<br \/><\/style>\n<h2 class=\"section-title\">Rezervuar\u00ebt e Naft\u00ebs<\/h2>\n<p>Rezervuar\u00ebt e naft\u00ebs prej \u00e7eliku jan\u00eb kontejner\u00eb t\u00eb krijuar p\u00ebr t\u00eb ruajtur dhe transportuar lloje t\u00eb ndryshme t\u00eb karburanteve, t\u00eb tilla si nafta, karburanti i aviacionit ose vajrat industriale. Ato p\u00ebrdoren zakonisht n\u00eb industri si automobila, aviacion, detar, nd\u00ebrtim dhe bujq\u00ebsi. Rezervuar\u00ebt e karburantit prej \u00e7eliku ofrojn\u00eb disa avantazhe, duke p\u00ebrfshir\u00eb q\u00ebndrueshm\u00ebrin\u00eb, rezistenc\u00ebn ndaj korrozionit dhe aft\u00ebsin\u00eb p\u00ebr t'i b\u00ebr\u00eb ball\u00eb kushteve t\u00eb v\u00ebshtira mjedisore.<\/p>\n\n\t\t<\/div>\n\t<\/div>\n\n\t<div class=\"wpb_text_column wpb_content_element\" >\n\t\t<div class=\"wpb_wrapper\">\n\t\t\t<style>\n.creat-list li {line-height:21px;padding-bottom: 12px}<br \/><\/style>\n<h2 class=\"section-title\">Depozitat e Ujit<\/h2>\n<p>Depozitat e ujit jan\u00eb kontejner\u00eb t\u00eb krijuar p\u00ebr t\u00eb ruajtur dhe mbajtur uj\u00eb p\u00ebr q\u00ebllime t\u00eb ndryshme, duke filluar nga p\u00ebrdorimi sht\u00ebpiak dhe bujq\u00ebsor deri tek aplikimet industriale dhe komerciale. K\u00ebto tanke vijn\u00eb n\u00eb madh\u00ebsi, forma dhe materiale t\u00eb ndryshme, n\u00eb var\u00ebsi t\u00eb p\u00ebrdorimit t\u00eb synuar dhe hap\u00ebsir\u00ebs n\u00eb dispozicion. Depozitat e ujit luajn\u00eb nj\u00eb rol vendimtar n\u00eb ruajtjen e ujit, menaxhimin e furnizimit me uj\u00eb dhe gatishm\u00ebrin\u00eb p\u00ebr emergjenca.<\/p>\n\n\t\t<\/div>\n\t<\/div>\n\n\t<div class=\"wpb_text_column wpb_content_element\" >\n\t\t<div class=\"wpb_wrapper\">\n\t\t\t<style>\n.creat-list li {line-height:21px;padding-bottom: 12px}<br \/><\/style>\n<h2 class=\"section-title\">Depozitat e Gazit<\/h2>\n<p>Rezervuar\u00ebt e gazit jan\u00eb kontejner\u00eb t\u00eb krijuar p\u00ebr t\u00eb ruajtur dhe mbajtur lloje t\u00eb ndryshme t\u00eb gazrave, zakonisht n\u00eb form\u00eb t\u00eb ngjeshur ose t\u00eb l\u00ebngshme. K\u00ebto tanke p\u00ebrdoren n\u00eb nj\u00eb gam\u00eb t\u00eb gjer\u00eb aplikimesh, duke p\u00ebrfshir\u00eb ruajtjen dhe transportimin e gazeve p\u00ebr q\u00ebllime industriale, tregtare dhe rezidenciale.<\/p>\n\n\t\t<\/div>\n\t<\/div>\n\n\t<div class=\"wpb_text_column wpb_content_element\" >\n\t\t<div class=\"wpb_wrapper\">\n\t\t\t\n\t\t<\/div>\n\t<\/div>\n<\/div><\/div><\/div><div class=\"wpb_column vc_column_container vc_col-sm-12 vc_col-md-4\"><div class=\"vc_column-inner\"><div class=\"wpb_wrapper\"><\/div><\/div><\/div>            <\/div>\n        <\/div>\n    <\/section>\n<\/div>","protected":false},"excerpt":{"rendered":"01 Oil Tanks Steel oil tanks are containers designed to store and transport various types of fuels, such as diesel, aviation fuel, or industrial oils. They are commonly used in industries like automotive, aviation, marine, construction, and agriculture. Steel fuel tanks offer several advantages, including durability, resistance to corrosion, and the ability to withstand harsh [...]","protected":false},"author":1,"featured_media":0,"parent":0,"menu_order":0,"comment_status":"closed","ping_status":"closed","template":"page-fullwidth.php","meta":{"footnotes":""},"class_list":["post-770","page","type-page","status-publish","hentry"],"yoast_head":"<!-- This site is optimized with the Yoast SEO plugin v26.7 - https:\/\/yoast.com\/wordpress\/plugins\/seo\/ -->\n<title>Tanks - AlbaSteel<\/title>\n<meta name=\"robots\" content=\"index, follow, max-snippet:-1, max-image-preview:large, max-video-preview:-1\" \/>\n<link rel=\"canonical\" href=\"https:\/\/albasteel.al\/sq\/tanks\/\" \/>\n<meta property=\"og:locale\" content=\"sq_AL\" \/>\n<meta property=\"og:type\" content=\"article\" \/>\n<meta property=\"og:title\" content=\"Tanks - AlbaSteel\" \/>\n<meta property=\"og:url\" content=\"https:\/\/albasteel.al\/sq\/tanks\/\" \/>\n<meta property=\"og:site_name\" content=\"AlbaSteel\" \/>\n<meta property=\"article:modified_time\" content=\"2023-09-15T16:05:29+00:00\" \/>\n<meta name=\"twitter:card\" content=\"summary_large_image\" \/>\n<meta name=\"twitter:label1\" content=\"Est. reading time\" \/>\n\t<meta name=\"twitter:data1\" content=\"1 minut\u00eb\" \/>\n<script type=\"application\/ld+json\" class=\"yoast-schema-graph\">{\"@context\":\"https:\/\/schema.org\",\"@graph\":[{\"@type\":\"WebPage\",\"@id\":\"https:\/\/albasteel.al\/sq\/tanks\/\",\"url\":\"https:\/\/albasteel.al\/sq\/tanks\/\",\"name\":\"Tanks - AlbaSteel\",\"isPartOf\":{\"@id\":\"https:\/\/albasteel.al\/sq\/#website\"},\"datePublished\":\"2023-09-15T13:17:16+00:00\",\"dateModified\":\"2023-09-15T16:05:29+00:00\",\"breadcrumb\":{\"@id\":\"https:\/\/albasteel.al\/sq\/tanks\/#breadcrumb\"},\"inLanguage\":\"sq\",\"potentialAction\":[{\"@type\":\"ReadAction\",\"target\":[\"https:\/\/albasteel.al\/sq\/tanks\/\"]}]},{\"@type\":\"BreadcrumbList\",\"@id\":\"https:\/\/albasteel.al\/sq\/tanks\/#breadcrumb\",\"itemListElement\":[{\"@type\":\"ListItem\",\"position\":1,\"name\":\"Home\",\"item\":\"https:\/\/albasteel.al\/sq\/\"},{\"@type\":\"ListItem\",\"position\":2,\"name\":\"Tanks\"}]},{\"@type\":\"WebSite\",\"@id\":\"https:\/\/albasteel.al\/sq\/#website\",\"url\":\"https:\/\/albasteel.al\/sq\/\",\"name\":\"AlbaSteel\",\"description\":\"AlbaSteel\",\"potentialAction\":[{\"@type\":\"SearchAction\",\"target\":{\"@type\":\"EntryPoint\",\"urlTemplate\":\"https:\/\/albasteel.al\/sq\/?s={search_term_string}\"},\"query-input\":{\"@type\":\"PropertyValueSpecification\",\"valueRequired\":true,\"valueName\":\"search_term_string\"}}],\"inLanguage\":\"sq\"}]}<\/script>\n<!-- \/ Yoast SEO plugin. -->","yoast_head_json":{"title":"Tanks - AlbaSteel","robots":{"index":"index","follow":"follow","max-snippet":"max-snippet:-1","max-image-preview":"max-image-preview:large","max-video-preview":"max-video-preview:-1"},"canonical":"https:\/\/albasteel.al\/sq\/tanks\/","og_locale":"sq_AL","og_type":"article","og_title":"Tanks - AlbaSteel","og_url":"https:\/\/albasteel.al\/sq\/tanks\/","og_site_name":"AlbaSteel","article_modified_time":"2023-09-15T16:05:29+00:00","twitter_card":"summary_large_image","twitter_misc":{"Est. reading time":"1 minut\u00eb"},"schema":{"@context":"https:\/\/schema.org","@graph":[{"@type":"WebPage","@id":"https:\/\/albasteel.al\/sq\/tanks\/","url":"https:\/\/albasteel.al\/sq\/tanks\/","name":"Tanks - AlbaSteel","isPartOf":{"@id":"https:\/\/albasteel.al\/sq\/#website"},"datePublished":"2023-09-15T13:17:16+00:00","dateModified":"2023-09-15T16:05:29+00:00","breadcrumb":{"@id":"https:\/\/albasteel.al\/sq\/tanks\/#breadcrumb"},"inLanguage":"sq","potentialAction":[{"@type":"ReadAction","target":["https:\/\/albasteel.al\/sq\/tanks\/"]}]},{"@type":"BreadcrumbList","@id":"https:\/\/albasteel.al\/sq\/tanks\/#breadcrumb","itemListElement":[{"@type":"ListItem","position":1,"name":"Home","item":"https:\/\/albasteel.al\/sq\/"},{"@type":"ListItem","position":2,"name":"Tanks"}]},{"@type":"WebSite","@id":"https:\/\/albasteel.al\/sq\/#website","url":"https:\/\/albasteel.al\/sq\/","name":"AlbaSteel","description":"AlbaSteel","potentialAction":[{"@type":"SearchAction","target":{"@type":"EntryPoint","urlTemplate":"https:\/\/albasteel.al\/sq\/?s={search_term_string}"},"query-input":{"@type":"PropertyValueSpecification","valueRequired":true,"valueName":"search_term_string"}}],"inLanguage":"sq"}]}},"_links":{"self":[{"href":"https:\/\/albasteel.al\/sq\/wp-json\/wp\/v2\/pages\/770","targetHints":{"allow":["GET"]}}],"collection":[{"href":"https:\/\/albasteel.al\/sq\/wp-json\/wp\/v2\/pages"}],"about":[{"href":"https:\/\/albasteel.al\/sq\/wp-json\/wp\/v2\/types\/page"}],"author":[{"embeddable":true,"href":"https:\/\/albasteel.al\/sq\/wp-json\/wp\/v2\/users\/1"}],"replies":[{"embeddable":true,"href":"https:\/\/albasteel.al\/sq\/wp-json\/wp\/v2\/comments?post=770"}],"version-history":[{"count":10,"href":"https:\/\/albasteel.al\/sq\/wp-json\/wp\/v2\/pages\/770\/revisions"}],"predecessor-version":[{"id":784,"href":"https:\/\/albasteel.al\/sq\/wp-json\/wp\/v2\/pages\/770\/revisions\/784"}],"wp:attachment":[{"href":"https:\/\/albasteel.al\/sq\/wp-json\/wp\/v2\/media?parent=770"}],"curies":[{"name":"wp","href":"https:\/\/api.w.org\/{rel}","templated":true}]}}