{"id":799,"date":"2023-09-15T13:17:16","date_gmt":"2023-09-15T13:17:16","guid":{"rendered":"https:\/\/albsteel.digita.dev\/pipes-4-2\/"},"modified":"2023-09-15T16:05:24","modified_gmt":"2023-09-15T16:05:24","slug":"high-voltage-poles","status":"publish","type":"page","link":"https:\/\/albasteel.al\/sq\/high-voltage-poles\/","title":{"rendered":"Shtyllat e tensionit"},"content":{"rendered":"<div id='sec1' class='monolit_sec monolit_page_sec content'>\n\n \n\n    <section>\n    <!-- section number   -->\n    <div class=\"sect-subtitle right-align-dec\" data-top-bottom=\"transform: translateY(200px);\" data-bottom-top=\"transform: translateY(-200px);\">\n    <span>01<\/span><\/div>\n    <!-- section number  end  -->\n                <div class=\"container\">\n                <div class=\"row\">\n                <div class=\"wpb_column vc_column_container vc_col-sm-12 vc_col-md-8\"><div class=\"vc_column-inner\"><div class=\"wpb_wrapper\">\n\t<div class=\"wpb_text_column wpb_content_element\" >\n\t\t<div class=\"wpb_wrapper\">\n\t\t\t<style>\n.creat-list li {line-height:21px;padding-bottom: 12px}<br \/><\/style>\n<p>Prodhimi i strukturave t\u00eb shtyllave t\u00eb tensionit t\u00eb lart\u00eb tek Albasteel p\u00ebrfshin prodhimin e strukturave t\u00eb forta, t\u00eb q\u00ebndrueshme dhe t\u00eb besueshme t\u00eb projektuara p\u00ebr t\u00eb mb\u00ebshtetur linjat e transmetimit dhe shp\u00ebrndarjes elektrike t\u00eb tensionit t\u00eb lart\u00eb. K\u00ebto shtylla jan\u00eb komponent\u00eb thelb\u00ebsor\u00eb t\u00eb infrastruktur\u00ebs elektrike, dhe dizajni dhe fabrikimi i tyre i duhur jan\u00eb kritike p\u00ebr transmetimin e sigurt dhe efikas t\u00eb energjis\u00eb elektrike n\u00eb distanca t\u00eb gjata.<\/p>\n\n\t\t<\/div>\n\t<\/div>\n\n\t<div class=\"wpb_text_column wpb_content_element\" >\n\t\t<div class=\"wpb_wrapper\">\n\t\t\t\n\t\t<\/div>\n\t<\/div>\n<\/div><\/div><\/div><div class=\"wpb_column vc_column_container vc_col-sm-12 vc_col-md-4\"><div class=\"vc_column-inner\"><div class=\"wpb_wrapper\"><\/div><\/div><\/div>            <\/div>\n        <\/div>\n    <\/section>\n<\/div>","protected":false},"excerpt":{"rendered":"01 The manufacture of high voltage pole structures involves the production of sturdy, durable, and reliable structures designed to support high-voltage electrical transmission and distribution lines. These poles are essential components of electrical infrastructure, and their proper design and fabrication are critical for the safe and efficient transmission of electricity over long distances.","protected":false},"author":1,"featured_media":0,"parent":0,"menu_order":0,"comment_status":"closed","ping_status":"closed","template":"page-fullwidth.php","meta":{"footnotes":""},"class_list":["post-799","page","type-page","status-publish","hentry"],"yoast_head":"<!-- This site is optimized with the Yoast SEO plugin v26.7 - https:\/\/yoast.com\/wordpress\/plugins\/seo\/ -->\n<title>High Voltage Poles - AlbaSteel<\/title>\n<meta name=\"robots\" content=\"index, follow, max-snippet:-1, max-image-preview:large, max-video-preview:-1\" \/>\n<link rel=\"canonical\" href=\"https:\/\/albasteel.al\/sq\/high-voltage-poles\/\" \/>\n<meta property=\"og:locale\" content=\"sq_AL\" \/>\n<meta property=\"og:type\" content=\"article\" \/>\n<meta property=\"og:title\" content=\"High Voltage Poles - AlbaSteel\" \/>\n<meta property=\"og:url\" content=\"https:\/\/albasteel.al\/sq\/high-voltage-poles\/\" \/>\n<meta property=\"og:site_name\" content=\"AlbaSteel\" \/>\n<meta property=\"article:modified_time\" content=\"2023-09-15T16:05:24+00:00\" \/>\n<meta name=\"twitter:card\" content=\"summary_large_image\" \/>\n<script type=\"application\/ld+json\" class=\"yoast-schema-graph\">{\"@context\":\"https:\/\/schema.org\",\"@graph\":[{\"@type\":\"WebPage\",\"@id\":\"https:\/\/albasteel.al\/sq\/high-voltage-poles\/\",\"url\":\"https:\/\/albasteel.al\/sq\/high-voltage-poles\/\",\"name\":\"High Voltage Poles - AlbaSteel\",\"isPartOf\":{\"@id\":\"https:\/\/albasteel.al\/sq\/#website\"},\"datePublished\":\"2023-09-15T13:17:16+00:00\",\"dateModified\":\"2023-09-15T16:05:24+00:00\",\"breadcrumb\":{\"@id\":\"https:\/\/albasteel.al\/sq\/high-voltage-poles\/#breadcrumb\"},\"inLanguage\":\"sq\",\"potentialAction\":[{\"@type\":\"ReadAction\",\"target\":[\"https:\/\/albasteel.al\/sq\/high-voltage-poles\/\"]}]},{\"@type\":\"BreadcrumbList\",\"@id\":\"https:\/\/albasteel.al\/sq\/high-voltage-poles\/#breadcrumb\",\"itemListElement\":[{\"@type\":\"ListItem\",\"position\":1,\"name\":\"Home\",\"item\":\"https:\/\/albasteel.al\/sq\/\"},{\"@type\":\"ListItem\",\"position\":2,\"name\":\"High Voltage Poles\"}]},{\"@type\":\"WebSite\",\"@id\":\"https:\/\/albasteel.al\/sq\/#website\",\"url\":\"https:\/\/albasteel.al\/sq\/\",\"name\":\"AlbaSteel\",\"description\":\"AlbaSteel\",\"potentialAction\":[{\"@type\":\"SearchAction\",\"target\":{\"@type\":\"EntryPoint\",\"urlTemplate\":\"https:\/\/albasteel.al\/sq\/?s={search_term_string}\"},\"query-input\":{\"@type\":\"PropertyValueSpecification\",\"valueRequired\":true,\"valueName\":\"search_term_string\"}}],\"inLanguage\":\"sq\"}]}<\/script>\n<!-- \/ Yoast SEO plugin. -->","yoast_head_json":{"title":"High Voltage Poles - AlbaSteel","robots":{"index":"index","follow":"follow","max-snippet":"max-snippet:-1","max-image-preview":"max-image-preview:large","max-video-preview":"max-video-preview:-1"},"canonical":"https:\/\/albasteel.al\/sq\/high-voltage-poles\/","og_locale":"sq_AL","og_type":"article","og_title":"High Voltage Poles - AlbaSteel","og_url":"https:\/\/albasteel.al\/sq\/high-voltage-poles\/","og_site_name":"AlbaSteel","article_modified_time":"2023-09-15T16:05:24+00:00","twitter_card":"summary_large_image","schema":{"@context":"https:\/\/schema.org","@graph":[{"@type":"WebPage","@id":"https:\/\/albasteel.al\/sq\/high-voltage-poles\/","url":"https:\/\/albasteel.al\/sq\/high-voltage-poles\/","name":"High Voltage Poles - AlbaSteel","isPartOf":{"@id":"https:\/\/albasteel.al\/sq\/#website"},"datePublished":"2023-09-15T13:17:16+00:00","dateModified":"2023-09-15T16:05:24+00:00","breadcrumb":{"@id":"https:\/\/albasteel.al\/sq\/high-voltage-poles\/#breadcrumb"},"inLanguage":"sq","potentialAction":[{"@type":"ReadAction","target":["https:\/\/albasteel.al\/sq\/high-voltage-poles\/"]}]},{"@type":"BreadcrumbList","@id":"https:\/\/albasteel.al\/sq\/high-voltage-poles\/#breadcrumb","itemListElement":[{"@type":"ListItem","position":1,"name":"Home","item":"https:\/\/albasteel.al\/sq\/"},{"@type":"ListItem","position":2,"name":"High Voltage Poles"}]},{"@type":"WebSite","@id":"https:\/\/albasteel.al\/sq\/#website","url":"https:\/\/albasteel.al\/sq\/","name":"AlbaSteel","description":"AlbaSteel","potentialAction":[{"@type":"SearchAction","target":{"@type":"EntryPoint","urlTemplate":"https:\/\/albasteel.al\/sq\/?s={search_term_string}"},"query-input":{"@type":"PropertyValueSpecification","valueRequired":true,"valueName":"search_term_string"}}],"inLanguage":"sq"}]}},"_links":{"self":[{"href":"https:\/\/albasteel.al\/sq\/wp-json\/wp\/v2\/pages\/799","targetHints":{"allow":["GET"]}}],"collection":[{"href":"https:\/\/albasteel.al\/sq\/wp-json\/wp\/v2\/pages"}],"about":[{"href":"https:\/\/albasteel.al\/sq\/wp-json\/wp\/v2\/types\/page"}],"author":[{"embeddable":true,"href":"https:\/\/albasteel.al\/sq\/wp-json\/wp\/v2\/users\/1"}],"replies":[{"embeddable":true,"href":"https:\/\/albasteel.al\/sq\/wp-json\/wp\/v2\/comments?post=799"}],"version-history":[{"count":12,"href":"https:\/\/albasteel.al\/sq\/wp-json\/wp\/v2\/pages\/799\/revisions"}],"predecessor-version":[{"id":815,"href":"https:\/\/albasteel.al\/sq\/wp-json\/wp\/v2\/pages\/799\/revisions\/815"}],"wp:attachment":[{"href":"https:\/\/albasteel.al\/sq\/wp-json\/wp\/v2\/media?parent=799"}],"curies":[{"name":"wp","href":"https:\/\/api.w.org\/{rel}","templated":true}]}}