{"id":817,"date":"2023-09-15T13:17:16","date_gmt":"2023-09-15T13:17:16","guid":{"rendered":"https:\/\/albsteel.digita.dev\/pipes-4-2-2\/"},"modified":"2023-09-18T09:28:18","modified_gmt":"2023-09-18T09:28:18","slug":"steel-structures-story","status":"publish","type":"page","link":"https:\/\/albasteel.al\/sq\/steel-structures-story\/","title":{"rendered":"Struktura \u00e7eliku"},"content":{"rendered":"<div id='sec1' class='monolit_sec monolit_page_sec content'>\n\n \n\n    <section>\n    <!-- section number   -->\n    <div class=\"sect-subtitle right-align-dec\" data-top-bottom=\"transform: translateY(200px);\" data-bottom-top=\"transform: translateY(-200px);\">\n    <span>01<\/span><\/div>\n    <!-- section number  end  -->\n                <div class=\"container\">\n                <div class=\"row\">\n                <div class=\"wpb_column vc_column_container vc_col-sm-12 vc_col-md-8\"><div class=\"vc_column-inner\"><div class=\"wpb_wrapper\">\n\t<div class=\"wpb_text_column wpb_content_element\" >\n\t\t<div class=\"wpb_wrapper\">\n\t\t\t<style>\n.creat-list li {line-height:21px;padding-bottom: 12px}<br \/><\/style>\n<p>Prodhimi i strukturave t\u00eb \u00e7elikut p\u00ebrfshin prodhimin e komponent\u00ebve t\u00eb fort\u00eb dhe t\u00eb gjithansh\u00ebm t\u00eb \u00e7elikut q\u00eb p\u00ebrdoren p\u00ebr t\u00eb nd\u00ebrtuar nd\u00ebrtesa me nivele t\u00eb shum\u00ebfishta. Strukturat e \u00e7elikut shum\u00ebkat\u00ebshe p\u00ebrdoren zakonisht n\u00eb nd\u00ebrtime komerciale, industriale, banesore dhe institucionale p\u00ebr shkak t\u00eb forc\u00ebs, fleksibilitetit dhe shpejt\u00ebsis\u00eb s\u00eb nd\u00ebrtimit.<\/p>\n\n\t\t<\/div>\n\t<\/div>\n\n\t<div class=\"wpb_text_column wpb_content_element\" >\n\t\t<div class=\"wpb_wrapper\">\n\t\t\t\n\t\t<\/div>\n\t<\/div>\n<\/div><\/div><\/div><div class=\"wpb_column vc_column_container vc_col-sm-12 vc_col-md-4\"><div class=\"vc_column-inner\"><div class=\"wpb_wrapper\"><\/div><\/div><\/div>            <\/div>\n        <\/div>\n    <\/section>\n<\/div>","protected":false},"excerpt":{"rendered":"01 The manufacture of multi-storey steel structures involves the production of robust and versatile steel components that are used to construct buildings with multiple levels. Multi-storey steel structures are commonly used in commercial, industrial, residential, and institutional construction due to their strength, flexibility, and speed of construction.","protected":false},"author":1,"featured_media":0,"parent":0,"menu_order":0,"comment_status":"closed","ping_status":"closed","template":"page-fullwidth.php","meta":{"footnotes":""},"class_list":["post-817","page","type-page","status-publish","hentry"],"yoast_head":"<!-- This site is optimized with the Yoast SEO plugin v26.7 - https:\/\/yoast.com\/wordpress\/plugins\/seo\/ -->\n<title>Multi-story steel structures - AlbaSteel<\/title>\n<meta name=\"robots\" content=\"index, follow, max-snippet:-1, max-image-preview:large, max-video-preview:-1\" \/>\n<link rel=\"canonical\" href=\"https:\/\/albasteel.al\/sq\/steel-structures-story\/\" \/>\n<meta property=\"og:locale\" content=\"sq_AL\" \/>\n<meta property=\"og:type\" content=\"article\" \/>\n<meta property=\"og:title\" content=\"Multi-story steel structures - AlbaSteel\" \/>\n<meta property=\"og:url\" content=\"https:\/\/albasteel.al\/sq\/steel-structures-story\/\" \/>\n<meta property=\"og:site_name\" content=\"AlbaSteel\" \/>\n<meta property=\"article:modified_time\" content=\"2023-09-18T09:28:18+00:00\" \/>\n<meta name=\"twitter:card\" content=\"summary_large_image\" \/>\n<script type=\"application\/ld+json\" class=\"yoast-schema-graph\">{\"@context\":\"https:\/\/schema.org\",\"@graph\":[{\"@type\":\"WebPage\",\"@id\":\"https:\/\/albasteel.al\/sq\/steel-structures-story\/\",\"url\":\"https:\/\/albasteel.al\/sq\/steel-structures-story\/\",\"name\":\"Multi-story steel structures - AlbaSteel\",\"isPartOf\":{\"@id\":\"https:\/\/albasteel.al\/sq\/#website\"},\"datePublished\":\"2023-09-15T13:17:16+00:00\",\"dateModified\":\"2023-09-18T09:28:18+00:00\",\"breadcrumb\":{\"@id\":\"https:\/\/albasteel.al\/sq\/steel-structures-story\/#breadcrumb\"},\"inLanguage\":\"sq\",\"potentialAction\":[{\"@type\":\"ReadAction\",\"target\":[\"https:\/\/albasteel.al\/sq\/steel-structures-story\/\"]}]},{\"@type\":\"BreadcrumbList\",\"@id\":\"https:\/\/albasteel.al\/sq\/steel-structures-story\/#breadcrumb\",\"itemListElement\":[{\"@type\":\"ListItem\",\"position\":1,\"name\":\"Home\",\"item\":\"https:\/\/albasteel.al\/sq\/\"},{\"@type\":\"ListItem\",\"position\":2,\"name\":\"Multi-story steel structures\"}]},{\"@type\":\"WebSite\",\"@id\":\"https:\/\/albasteel.al\/sq\/#website\",\"url\":\"https:\/\/albasteel.al\/sq\/\",\"name\":\"AlbaSteel\",\"description\":\"AlbaSteel\",\"potentialAction\":[{\"@type\":\"SearchAction\",\"target\":{\"@type\":\"EntryPoint\",\"urlTemplate\":\"https:\/\/albasteel.al\/sq\/?s={search_term_string}\"},\"query-input\":{\"@type\":\"PropertyValueSpecification\",\"valueRequired\":true,\"valueName\":\"search_term_string\"}}],\"inLanguage\":\"sq\"}]}<\/script>\n<!-- \/ Yoast SEO plugin. -->","yoast_head_json":{"title":"Multi-story steel structures - AlbaSteel","robots":{"index":"index","follow":"follow","max-snippet":"max-snippet:-1","max-image-preview":"max-image-preview:large","max-video-preview":"max-video-preview:-1"},"canonical":"https:\/\/albasteel.al\/sq\/steel-structures-story\/","og_locale":"sq_AL","og_type":"article","og_title":"Multi-story steel structures - AlbaSteel","og_url":"https:\/\/albasteel.al\/sq\/steel-structures-story\/","og_site_name":"AlbaSteel","article_modified_time":"2023-09-18T09:28:18+00:00","twitter_card":"summary_large_image","schema":{"@context":"https:\/\/schema.org","@graph":[{"@type":"WebPage","@id":"https:\/\/albasteel.al\/sq\/steel-structures-story\/","url":"https:\/\/albasteel.al\/sq\/steel-structures-story\/","name":"Multi-story steel structures - AlbaSteel","isPartOf":{"@id":"https:\/\/albasteel.al\/sq\/#website"},"datePublished":"2023-09-15T13:17:16+00:00","dateModified":"2023-09-18T09:28:18+00:00","breadcrumb":{"@id":"https:\/\/albasteel.al\/sq\/steel-structures-story\/#breadcrumb"},"inLanguage":"sq","potentialAction":[{"@type":"ReadAction","target":["https:\/\/albasteel.al\/sq\/steel-structures-story\/"]}]},{"@type":"BreadcrumbList","@id":"https:\/\/albasteel.al\/sq\/steel-structures-story\/#breadcrumb","itemListElement":[{"@type":"ListItem","position":1,"name":"Home","item":"https:\/\/albasteel.al\/sq\/"},{"@type":"ListItem","position":2,"name":"Multi-story steel structures"}]},{"@type":"WebSite","@id":"https:\/\/albasteel.al\/sq\/#website","url":"https:\/\/albasteel.al\/sq\/","name":"AlbaSteel","description":"AlbaSteel","potentialAction":[{"@type":"SearchAction","target":{"@type":"EntryPoint","urlTemplate":"https:\/\/albasteel.al\/sq\/?s={search_term_string}"},"query-input":{"@type":"PropertyValueSpecification","valueRequired":true,"valueName":"search_term_string"}}],"inLanguage":"sq"}]}},"_links":{"self":[{"href":"https:\/\/albasteel.al\/sq\/wp-json\/wp\/v2\/pages\/817","targetHints":{"allow":["GET"]}}],"collection":[{"href":"https:\/\/albasteel.al\/sq\/wp-json\/wp\/v2\/pages"}],"about":[{"href":"https:\/\/albasteel.al\/sq\/wp-json\/wp\/v2\/types\/page"}],"author":[{"embeddable":true,"href":"https:\/\/albasteel.al\/sq\/wp-json\/wp\/v2\/users\/1"}],"replies":[{"embeddable":true,"href":"https:\/\/albasteel.al\/sq\/wp-json\/wp\/v2\/comments?post=817"}],"version-history":[{"count":14,"href":"https:\/\/albasteel.al\/sq\/wp-json\/wp\/v2\/pages\/817\/revisions"}],"predecessor-version":[{"id":926,"href":"https:\/\/albasteel.al\/sq\/wp-json\/wp\/v2\/pages\/817\/revisions\/926"}],"wp:attachment":[{"href":"https:\/\/albasteel.al\/sq\/wp-json\/wp\/v2\/media?parent=817"}],"curies":[{"name":"wp","href":"https:\/\/api.w.org\/{rel}","templated":true}]}}