{"id":876,"date":"2023-09-15T13:17:16","date_gmt":"2023-09-15T13:17:16","guid":{"rendered":"https:\/\/albsteel.digita.dev\/pipes-5\/"},"modified":"2023-10-13T11:10:37","modified_gmt":"2023-10-13T11:10:37","slug":"solar-panels","status":"publish","type":"page","link":"https:\/\/albasteel.al\/sq\/solar-panels\/","title":{"rendered":"Panele diellore"},"content":{"rendered":"<div id='sec1' class='monolit_sec monolit_page_sec content'>\n\n \n\n    <section>\n    <!-- section number   -->\n    <div class=\"sect-subtitle right-align-dec\" data-top-bottom=\"transform: translateY(200px);\" data-bottom-top=\"transform: translateY(-200px);\">\n    <span>01<\/span><\/div>\n    <!-- section number  end  -->\n                <div class=\"container\">\n                <div class=\"row\">\n                <div class=\"wpb_column vc_column_container vc_col-sm-12 vc_col-md-8\"><div class=\"vc_column-inner\"><div class=\"wpb_wrapper\">\n\t<div class=\"wpb_text_column wpb_content_element\" >\n\t\t<div class=\"wpb_wrapper\">\n\t\t\t<style>\n.creat-list li {line-height:21px;padding-bottom: 12px}<br \/><\/style>\n<p>Nj\u00eb konstruksion \u00e7eliku i paneleve diellore i referohet korniz\u00ebs ose struktur\u00ebs mb\u00ebshtet\u00ebse t\u00eb p\u00ebrdorur p\u00ebr montimin dhe mbajtjen e paneleve diellore. \u00c7eliku \u00ebsht\u00eb nj\u00eb zgjedhje e zakonshme p\u00ebr k\u00ebt\u00eb q\u00ebllim p\u00ebr shkak t\u00eb forc\u00ebs, q\u00ebndrueshm\u00ebris\u00eb dhe aft\u00ebsis\u00eb p\u00ebr t'i b\u00ebr\u00eb ball\u00eb kushteve t\u00eb ndryshme t\u00eb motit.<\/p>\n<div class=\"process-box\">\n<p>&nbsp;<\/p>\n<ul class=\"creat-list\">\n<li style=\"font-weight: 400; text-align: left;\" aria-level=\"1\"><b>Korniza \u00e7eliku:<\/b><span style=\"font-weight: 400;\"> Komponenti kryesor i konstruksionit \u00ebsht\u00eb korniza e \u00e7elikut. K\u00ebto korniza zakonisht b\u00ebhen prej \u00e7eliku t\u00eb galvanizuar ose t\u00eb veshur p\u00ebr t\u00eb mbrojtur kund\u00ebr korrozionit. Kornizat jan\u00eb projektuar p\u00ebr t\u00eb siguruar mb\u00ebshtetje dhe stabilitet t\u00eb p\u00ebrshtatsh\u00ebm p\u00ebr panelet diellore, duke i mbajtur ato t\u00eb sigurta n\u00eb vend.<\/span><\/li>\n<li style=\"font-weight: 400; text-align: left;\" aria-level=\"1\"><b>Binar\u00ebt e montimit:<\/b><span style=\"font-weight: 400;\"> Panelet diellore jan\u00eb ngjitur n\u00eb shina montimi q\u00eb kalojn\u00eb horizontalisht p\u00ebrgjat\u00eb korniz\u00ebs s\u00eb \u00e7elikut. K\u00ebto shina sh\u00ebrbejn\u00eb si pika lidh\u00ebse p\u00ebr modulet e paneleve diellore.<\/span><\/li>\n<li style=\"font-weight: 400; text-align: left;\" aria-level=\"1\"><b>Themeli:<\/b><span style=\"font-weight: 400;\">N\u00eb var\u00ebsi t\u00eb vendndodhjes s\u00eb instalimit, struktura e \u00e7elikut mund t\u00eb k\u00ebrkoj\u00eb nj\u00eb themel p\u00ebr ta ankoruar mir\u00eb n\u00eb tok\u00eb. N\u00eb disa raste, struktura mund t\u00eb instalohet n\u00eb \u00e7atin\u00eb e nj\u00eb nd\u00ebrtese, n\u00eb k\u00ebt\u00eb rast ajo do t\u00eb montohet n\u00eb struktur\u00ebn e \u00e7atis\u00eb.<\/span><\/li>\n<\/ul>\n<\/div>\n\n\t\t<\/div>\n\t<\/div>\n\n\t<div class=\"wpb_text_column wpb_content_element\" >\n\t\t<div class=\"wpb_wrapper\">\n\t\t\t\n\t\t<\/div>\n\t<\/div>\n<\/div><\/div><\/div><div class=\"wpb_column vc_column_container vc_col-sm-12 vc_col-md-4\"><div class=\"vc_column-inner\"><div class=\"wpb_wrapper\"><\/div><\/div><\/div>            <\/div>\n        <\/div>\n    <\/section>\n<\/div>","protected":false},"excerpt":{"rendered":"01 A solar panel steel construction refers to the framework or support structure used to mount and hold solar panels in place. Steel is a common material choice for this purpose due to its strength, durability, and ability to withstand various weather conditions. &nbsp; Steel Frames: The primary component of the construction is the steel [...]","protected":false},"author":1,"featured_media":0,"parent":0,"menu_order":0,"comment_status":"closed","ping_status":"closed","template":"page-fullwidth.php","meta":{"footnotes":""},"class_list":["post-876","page","type-page","status-publish","hentry"],"yoast_head":"<!-- This site is optimized with the Yoast SEO plugin v26.7 - https:\/\/yoast.com\/wordpress\/plugins\/seo\/ -->\n<title>Solar Panel Constructions - AlbaSteel<\/title>\n<meta name=\"robots\" content=\"index, follow, max-snippet:-1, max-image-preview:large, max-video-preview:-1\" \/>\n<link rel=\"canonical\" href=\"https:\/\/albasteel.al\/sq\/solar-panels\/\" \/>\n<meta property=\"og:locale\" content=\"sq_AL\" \/>\n<meta property=\"og:type\" content=\"article\" \/>\n<meta property=\"og:title\" content=\"Solar Panel Constructions - AlbaSteel\" \/>\n<meta property=\"og:url\" content=\"https:\/\/albasteel.al\/sq\/solar-panels\/\" \/>\n<meta property=\"og:site_name\" content=\"AlbaSteel\" \/>\n<meta property=\"article:modified_time\" content=\"2023-10-13T11:10:37+00:00\" \/>\n<meta name=\"twitter:card\" content=\"summary_large_image\" \/>\n<meta name=\"twitter:label1\" content=\"Est. reading time\" \/>\n\t<meta name=\"twitter:data1\" content=\"1 minut\u00eb\" \/>\n<script type=\"application\/ld+json\" class=\"yoast-schema-graph\">{\"@context\":\"https:\/\/schema.org\",\"@graph\":[{\"@type\":\"WebPage\",\"@id\":\"https:\/\/albasteel.al\/sq\/solar-panels\/\",\"url\":\"https:\/\/albasteel.al\/sq\/solar-panels\/\",\"name\":\"Solar Panel Constructions - AlbaSteel\",\"isPartOf\":{\"@id\":\"https:\/\/albasteel.al\/sq\/#website\"},\"datePublished\":\"2023-09-15T13:17:16+00:00\",\"dateModified\":\"2023-10-13T11:10:37+00:00\",\"breadcrumb\":{\"@id\":\"https:\/\/albasteel.al\/sq\/solar-panels\/#breadcrumb\"},\"inLanguage\":\"sq\",\"potentialAction\":[{\"@type\":\"ReadAction\",\"target\":[\"https:\/\/albasteel.al\/sq\/solar-panels\/\"]}]},{\"@type\":\"BreadcrumbList\",\"@id\":\"https:\/\/albasteel.al\/sq\/solar-panels\/#breadcrumb\",\"itemListElement\":[{\"@type\":\"ListItem\",\"position\":1,\"name\":\"Home\",\"item\":\"https:\/\/albasteel.al\/sq\/\"},{\"@type\":\"ListItem\",\"position\":2,\"name\":\"Solar Panel Constructions\"}]},{\"@type\":\"WebSite\",\"@id\":\"https:\/\/albasteel.al\/sq\/#website\",\"url\":\"https:\/\/albasteel.al\/sq\/\",\"name\":\"AlbaSteel\",\"description\":\"AlbaSteel\",\"potentialAction\":[{\"@type\":\"SearchAction\",\"target\":{\"@type\":\"EntryPoint\",\"urlTemplate\":\"https:\/\/albasteel.al\/sq\/?s={search_term_string}\"},\"query-input\":{\"@type\":\"PropertyValueSpecification\",\"valueRequired\":true,\"valueName\":\"search_term_string\"}}],\"inLanguage\":\"sq\"}]}<\/script>\n<!-- \/ Yoast SEO plugin. -->","yoast_head_json":{"title":"Solar Panel Constructions - AlbaSteel","robots":{"index":"index","follow":"follow","max-snippet":"max-snippet:-1","max-image-preview":"max-image-preview:large","max-video-preview":"max-video-preview:-1"},"canonical":"https:\/\/albasteel.al\/sq\/solar-panels\/","og_locale":"sq_AL","og_type":"article","og_title":"Solar Panel Constructions - AlbaSteel","og_url":"https:\/\/albasteel.al\/sq\/solar-panels\/","og_site_name":"AlbaSteel","article_modified_time":"2023-10-13T11:10:37+00:00","twitter_card":"summary_large_image","twitter_misc":{"Est. reading time":"1 minut\u00eb"},"schema":{"@context":"https:\/\/schema.org","@graph":[{"@type":"WebPage","@id":"https:\/\/albasteel.al\/sq\/solar-panels\/","url":"https:\/\/albasteel.al\/sq\/solar-panels\/","name":"Solar Panel Constructions - AlbaSteel","isPartOf":{"@id":"https:\/\/albasteel.al\/sq\/#website"},"datePublished":"2023-09-15T13:17:16+00:00","dateModified":"2023-10-13T11:10:37+00:00","breadcrumb":{"@id":"https:\/\/albasteel.al\/sq\/solar-panels\/#breadcrumb"},"inLanguage":"sq","potentialAction":[{"@type":"ReadAction","target":["https:\/\/albasteel.al\/sq\/solar-panels\/"]}]},{"@type":"BreadcrumbList","@id":"https:\/\/albasteel.al\/sq\/solar-panels\/#breadcrumb","itemListElement":[{"@type":"ListItem","position":1,"name":"Home","item":"https:\/\/albasteel.al\/sq\/"},{"@type":"ListItem","position":2,"name":"Solar Panel Constructions"}]},{"@type":"WebSite","@id":"https:\/\/albasteel.al\/sq\/#website","url":"https:\/\/albasteel.al\/sq\/","name":"AlbaSteel","description":"AlbaSteel","potentialAction":[{"@type":"SearchAction","target":{"@type":"EntryPoint","urlTemplate":"https:\/\/albasteel.al\/sq\/?s={search_term_string}"},"query-input":{"@type":"PropertyValueSpecification","valueRequired":true,"valueName":"search_term_string"}}],"inLanguage":"sq"}]}},"_links":{"self":[{"href":"https:\/\/albasteel.al\/sq\/wp-json\/wp\/v2\/pages\/876","targetHints":{"allow":["GET"]}}],"collection":[{"href":"https:\/\/albasteel.al\/sq\/wp-json\/wp\/v2\/pages"}],"about":[{"href":"https:\/\/albasteel.al\/sq\/wp-json\/wp\/v2\/types\/page"}],"author":[{"embeddable":true,"href":"https:\/\/albasteel.al\/sq\/wp-json\/wp\/v2\/users\/1"}],"replies":[{"embeddable":true,"href":"https:\/\/albasteel.al\/sq\/wp-json\/wp\/v2\/comments?post=876"}],"version-history":[{"count":11,"href":"https:\/\/albasteel.al\/sq\/wp-json\/wp\/v2\/pages\/876\/revisions"}],"predecessor-version":[{"id":978,"href":"https:\/\/albasteel.al\/sq\/wp-json\/wp\/v2\/pages\/876\/revisions\/978"}],"wp:attachment":[{"href":"https:\/\/albasteel.al\/sq\/wp-json\/wp\/v2\/media?parent=876"}],"curies":[{"name":"wp","href":"https:\/\/api.w.org\/{rel}","templated":true}]}}